{"id":1172,"date":"2024-04-30T07:10:16","date_gmt":"2024-04-30T07:10:16","guid":{"rendered":"http:\/\/bestdrive.se\/lelu\/?page_id=1172"},"modified":"2024-04-30T07:10:16","modified_gmt":"2024-04-30T07:10:16","slug":"kontakt","status":"publish","type":"page","link":"https:\/\/bestdrive.se\/lelu\/kontakt\/","title":{"rendered":"KONTAKT"},"content":{"rendered":"\n<h4 class=\"wp-block-heading\">VD<\/h4>\n\n\n\n<p><strong>Leif Lundberg<\/strong><br><a href=\"tel:0960654554\">0960 &#8211; 65 45 54<\/a><br><a href=\"mailto:leluab@gmail.com\">leluab@gmail.com<\/a><\/p>\n\n\n\n<h4 class=\"wp-block-heading\">Personbilsverkstad<\/h4>\n\n\n\n<p><strong>Robin Eriksson<\/strong><br>Personlig Servicetekniker<br><a href=\"tel:0960654555\">0960 &#8211; 65 45 55<\/a><br><a href=\"mailto:robin.eriksson@leluab.se\">robin.eriksson@leluab.se<\/a><\/p>\n\n\n\n<h4 class=\"wp-block-heading\">Lastbilsverkstad<\/h4>\n\n\n\n<p><strong>Viktor Lundberg<br><\/strong>Verkstad och reservdelar<br><a href=\"tel:0960654552\">0960 &#8211; 65 45 52<\/a><br><a href=\"mailto:reservdelar.lv@leluab.se\">reservdelar.lv@leluab.se<\/a><\/p>\n\n\n\n<h4 class=\"wp-block-heading\">Bilglas<\/h4>\n\n\n\n<p><strong>Elin Spoormaker<br><\/strong>Lastvagnar och personvagnar<br><a href=\"tel:0960654559\">0960 &#8211; 65 45 59<\/a><br><a href=\"mailto:elin.spoormaker@leluab.se\">elin.spoormaker@leluab.se<\/a><\/p>\n\n\n\n<h4 class=\"wp-block-heading\">Reservdelar personbilar<\/h4>\n\n\n\n<p><strong>Stig Larsson<\/strong><br><a href=\"tel:0960654551\">0960 &#8211; 65 45 51<\/a><br><a href=\"mailto:stig.larsson@leluab.se\">stig.larsson@leluab.se<\/a><\/p>\n\n\n\n<h4 class=\"wp-block-heading\">Verkstad\/ reservdelar skoter<\/h4>\n\n\n\n<p><strong>Johannes Lundberg<\/strong><br><a href=\"tel:0960654558\">0960 &#8211; 65 45 58<\/a><br><a href=\"mailto:johannes.lundberg@leluab.se\">johannes.lundberg@leluab.se<\/a><\/p>\n\n\n\n<h4 class=\"wp-block-heading\">Mekaniker<\/h4>\n\n\n\n<p><strong>Dennis Enberg<\/strong><br><a href=\"tel:0762198829\">076 &#8211; 219 88 29<\/a><br><a href=\"mailto:dennis.enberg@leluab.se\">dennis.enberg@leluab.se<\/a><\/p>\n\n\n\n<h4 class=\"wp-block-heading\">Mekaniker<\/h4>\n\n\n\n<p><strong>Daniel S\u00f6derstr\u00f6m-Sj\u00f6din<\/strong><br><a href=\"tel:0722190445\">072 &#8211; 219 04 45<\/a><\/p>\n\n\n\n<h4 class=\"wp-block-heading\">Mekaniker<\/h4>\n\n\n\n<p><strong>Niklas M\u00f6rtsell<\/strong><br><strong>Krister Jonsson<\/strong><br><strong>Linus Lidstr\u00f6m<\/strong><br><strong>Linus Marklund<\/strong><\/p>\n\n\n\n<p><strong>Timmy Lundqvist<\/strong><br><strong>Viktor Waldermarsson<\/strong><br><strong>Jafar Ebrahimi<\/strong><br><strong>Jonathan Edstr\u00f6m<\/strong><\/p>\n\n\n\n<p><strong>Robin Hallnor<\/strong><br><strong>Andrei Maloletnev<\/strong><br><strong>Hampus Persson<\/strong><br><strong>Ludwig Tiger<\/strong><\/p>\n\n\n\n<h4 class=\"wp-block-heading\">Rekond<\/h4>\n\n\n\n<p><strong>Paul Spoormaker<\/strong><\/p>\n\n\n\n<h4 class=\"wp-block-heading\">St\u00e4d<\/h4>\n\n\n\n<p><strong>Siriwan Phinthong<\/strong><\/p>\n","protected":false},"excerpt":{"rendered":"<p>VD Leif Lundberg0960 &#8211; 65 45 54leluab@gmail.com Personbilsverkstad Robin ErikssonPersonlig Servicetekniker0960 &#8211; 65 45 55robin.eriksson@leluab.se Lastbilsverkstad Viktor LundbergVerkstad och reservdelar0960 &#8211; 65 45 52reservdelar.lv@leluab.se Bilglas Elin SpoormakerLastvagnar och personvagnar0960 &#8211; 65 45 59elin.spoormaker@leluab.se Reservdelar personbilar Stig Larsson0960 &#8211; 65 45 51stig.larsson@leluab.se Verkstad\/ reservdelar skoter Johannes Lundberg0960 &#8211; 65 45 58johannes.lundberg@leluab.se Mekaniker Dennis Enberg076 &#8211; 219 [&hellip;]<\/p>\n","protected":false},"author":3,"featured_media":0,"parent":0,"menu_order":0,"comment_status":"closed","ping_status":"closed","template":"","meta":{"_acf_changed":false,"footnotes":""},"class_list":["post-1172","page","type-page","status-publish","hentry"],"acf":[],"yoast_head":"<!-- This site is optimized with the Yoast SEO plugin v27.3 - https:\/\/yoast.com\/product\/yoast-seo-wordpress\/ -->\n<title>KONTAKT - Arvidsjaur<\/title>\n<meta name=\"robots\" content=\"index, follow, max-snippet:-1, max-image-preview:large, max-video-preview:-1\" \/>\n<link rel=\"canonical\" href=\"https:\/\/bestdrive.se\/lelu\/kontakt\/\" \/>\n<meta property=\"og:locale\" content=\"sv_SE\" \/>\n<meta property=\"og:type\" content=\"article\" \/>\n<meta property=\"og:title\" content=\"KONTAKT - Arvidsjaur\" \/>\n<meta property=\"og:description\" content=\"VD Leif Lundberg0960 &#8211; 65 45 54leluab@gmail.com Personbilsverkstad Robin ErikssonPersonlig Servicetekniker0960 &#8211; 65 45 55robin.eriksson@leluab.se Lastbilsverkstad Viktor LundbergVerkstad och reservdelar0960 &#8211; 65 45 52reservdelar.lv@leluab.se Bilglas Elin SpoormakerLastvagnar och personvagnar0960 &#8211; 65 45 59elin.spoormaker@leluab.se Reservdelar personbilar Stig Larsson0960 &#8211; 65 45 51stig.larsson@leluab.se Verkstad\/ reservdelar skoter Johannes Lundberg0960 &#8211; 65 45 58johannes.lundberg@leluab.se Mekaniker Dennis Enberg076 &#8211; 219 [&hellip;]\" \/>\n<meta property=\"og:url\" content=\"https:\/\/bestdrive.se\/lelu\/kontakt\/\" \/>\n<meta property=\"og:site_name\" content=\"LELU AB - Arvidsjaur\" \/>\n<meta name=\"twitter:card\" content=\"summary_large_image\" \/>\n<meta name=\"twitter:label1\" content=\"Ber\u00e4knad l\u00e4stid\" \/>\n\t<meta name=\"twitter:data1\" content=\"1 minut\" \/>\n<script type=\"application\/ld+json\" class=\"yoast-schema-graph\">{\"@context\":\"https:\\\/\\\/schema.org\",\"@graph\":[{\"@type\":\"WebPage\",\"@id\":\"https:\\\/\\\/bestdrive.se\\\/lelu\\\/kontakt\\\/\",\"url\":\"https:\\\/\\\/bestdrive.se\\\/lelu\\\/kontakt\\\/\",\"name\":\"KONTAKT - Arvidsjaur\",\"isPartOf\":{\"@id\":\"https:\\\/\\\/bestdrive.se\\\/lelu\\\/#website\"},\"datePublished\":\"2024-04-30T07:10:16+00:00\",\"breadcrumb\":{\"@id\":\"https:\\\/\\\/bestdrive.se\\\/lelu\\\/kontakt\\\/#breadcrumb\"},\"inLanguage\":\"sv-SE\",\"potentialAction\":[{\"@type\":\"ReadAction\",\"target\":[\"https:\\\/\\\/bestdrive.se\\\/lelu\\\/kontakt\\\/\"]}]},{\"@type\":\"BreadcrumbList\",\"@id\":\"https:\\\/\\\/bestdrive.se\\\/lelu\\\/kontakt\\\/#breadcrumb\",\"itemListElement\":[{\"@type\":\"ListItem\",\"position\":1,\"name\":\"Home\",\"item\":\"https:\\\/\\\/bestdrive.se\\\/lelu\\\/\"},{\"@type\":\"ListItem\",\"position\":2,\"name\":\"KONTAKT\"}]},{\"@type\":\"WebSite\",\"@id\":\"https:\\\/\\\/bestdrive.se\\\/lelu\\\/#website\",\"url\":\"https:\\\/\\\/bestdrive.se\\\/lelu\\\/\",\"name\":\"BestDrive Arvidsjaur\",\"description\":\"BestDrive Arvidsjaur\",\"publisher\":{\"@id\":\"https:\\\/\\\/bestdrive.se\\\/lelu\\\/#organization\"},\"alternateName\":\"LELU AB\",\"potentialAction\":[{\"@type\":\"SearchAction\",\"target\":{\"@type\":\"EntryPoint\",\"urlTemplate\":\"https:\\\/\\\/bestdrive.se\\\/lelu\\\/?s={search_term_string}\"},\"query-input\":{\"@type\":\"PropertyValueSpecification\",\"valueRequired\":true,\"valueName\":\"search_term_string\"}}],\"inLanguage\":\"sv-SE\"},{\"@type\":\"Organization\",\"@id\":\"https:\\\/\\\/bestdrive.se\\\/lelu\\\/#organization\",\"name\":\"BestDrive Arvidsjaur\",\"alternateName\":\"LELU AB\",\"url\":\"https:\\\/\\\/bestdrive.se\\\/lelu\\\/\",\"logo\":{\"@type\":\"ImageObject\",\"inLanguage\":\"sv-SE\",\"@id\":\"https:\\\/\\\/bestdrive.se\\\/lelu\\\/#\\\/schema\\\/logo\\\/image\\\/\",\"url\":\"https:\\\/\\\/bestdrive.se\\\/lelu\\\/wp-content\\\/uploads\\\/2024\\\/03\\\/grasdalen-logo-e1712575351813.png\",\"contentUrl\":\"https:\\\/\\\/bestdrive.se\\\/lelu\\\/wp-content\\\/uploads\\\/2024\\\/03\\\/grasdalen-logo-e1712575351813.png\",\"width\":145,\"height\":59,\"caption\":\"BestDrive Arvidsjaur\"},\"image\":{\"@id\":\"https:\\\/\\\/bestdrive.se\\\/lelu\\\/#\\\/schema\\\/logo\\\/image\\\/\"}}]}<\/script>\n<!-- \/ Yoast SEO plugin. -->","yoast_head_json":{"title":"KONTAKT - Arvidsjaur","robots":{"index":"index","follow":"follow","max-snippet":"max-snippet:-1","max-image-preview":"max-image-preview:large","max-video-preview":"max-video-preview:-1"},"canonical":"https:\/\/bestdrive.se\/lelu\/kontakt\/","og_locale":"sv_SE","og_type":"article","og_title":"KONTAKT - Arvidsjaur","og_description":"VD Leif Lundberg0960 &#8211; 65 45 54leluab@gmail.com Personbilsverkstad Robin ErikssonPersonlig Servicetekniker0960 &#8211; 65 45 55robin.eriksson@leluab.se Lastbilsverkstad Viktor LundbergVerkstad och reservdelar0960 &#8211; 65 45 52reservdelar.lv@leluab.se Bilglas Elin SpoormakerLastvagnar och personvagnar0960 &#8211; 65 45 59elin.spoormaker@leluab.se Reservdelar personbilar Stig Larsson0960 &#8211; 65 45 51stig.larsson@leluab.se Verkstad\/ reservdelar skoter Johannes Lundberg0960 &#8211; 65 45 58johannes.lundberg@leluab.se Mekaniker Dennis Enberg076 &#8211; 219 [&hellip;]","og_url":"https:\/\/bestdrive.se\/lelu\/kontakt\/","og_site_name":"LELU AB - Arvidsjaur","twitter_card":"summary_large_image","twitter_misc":{"Ber\u00e4knad l\u00e4stid":"1 minut"},"schema":{"@context":"https:\/\/schema.org","@graph":[{"@type":"WebPage","@id":"https:\/\/bestdrive.se\/lelu\/kontakt\/","url":"https:\/\/bestdrive.se\/lelu\/kontakt\/","name":"KONTAKT - Arvidsjaur","isPartOf":{"@id":"https:\/\/bestdrive.se\/lelu\/#website"},"datePublished":"2024-04-30T07:10:16+00:00","breadcrumb":{"@id":"https:\/\/bestdrive.se\/lelu\/kontakt\/#breadcrumb"},"inLanguage":"sv-SE","potentialAction":[{"@type":"ReadAction","target":["https:\/\/bestdrive.se\/lelu\/kontakt\/"]}]},{"@type":"BreadcrumbList","@id":"https:\/\/bestdrive.se\/lelu\/kontakt\/#breadcrumb","itemListElement":[{"@type":"ListItem","position":1,"name":"Home","item":"https:\/\/bestdrive.se\/lelu\/"},{"@type":"ListItem","position":2,"name":"KONTAKT"}]},{"@type":"WebSite","@id":"https:\/\/bestdrive.se\/lelu\/#website","url":"https:\/\/bestdrive.se\/lelu\/","name":"BestDrive Arvidsjaur","description":"BestDrive Arvidsjaur","publisher":{"@id":"https:\/\/bestdrive.se\/lelu\/#organization"},"alternateName":"LELU AB","potentialAction":[{"@type":"SearchAction","target":{"@type":"EntryPoint","urlTemplate":"https:\/\/bestdrive.se\/lelu\/?s={search_term_string}"},"query-input":{"@type":"PropertyValueSpecification","valueRequired":true,"valueName":"search_term_string"}}],"inLanguage":"sv-SE"},{"@type":"Organization","@id":"https:\/\/bestdrive.se\/lelu\/#organization","name":"BestDrive Arvidsjaur","alternateName":"LELU AB","url":"https:\/\/bestdrive.se\/lelu\/","logo":{"@type":"ImageObject","inLanguage":"sv-SE","@id":"https:\/\/bestdrive.se\/lelu\/#\/schema\/logo\/image\/","url":"https:\/\/bestdrive.se\/lelu\/wp-content\/uploads\/2024\/03\/grasdalen-logo-e1712575351813.png","contentUrl":"https:\/\/bestdrive.se\/lelu\/wp-content\/uploads\/2024\/03\/grasdalen-logo-e1712575351813.png","width":145,"height":59,"caption":"BestDrive Arvidsjaur"},"image":{"@id":"https:\/\/bestdrive.se\/lelu\/#\/schema\/logo\/image\/"}}]}},"_links":{"self":[{"href":"https:\/\/bestdrive.se\/lelu\/wp-json\/wp\/v2\/pages\/1172","targetHints":{"allow":["GET"]}}],"collection":[{"href":"https:\/\/bestdrive.se\/lelu\/wp-json\/wp\/v2\/pages"}],"about":[{"href":"https:\/\/bestdrive.se\/lelu\/wp-json\/wp\/v2\/types\/page"}],"author":[{"embeddable":true,"href":"https:\/\/bestdrive.se\/lelu\/wp-json\/wp\/v2\/users\/3"}],"replies":[{"embeddable":true,"href":"https:\/\/bestdrive.se\/lelu\/wp-json\/wp\/v2\/comments?post=1172"}],"version-history":[{"count":1,"href":"https:\/\/bestdrive.se\/lelu\/wp-json\/wp\/v2\/pages\/1172\/revisions"}],"predecessor-version":[{"id":1173,"href":"https:\/\/bestdrive.se\/lelu\/wp-json\/wp\/v2\/pages\/1172\/revisions\/1173"}],"wp:attachment":[{"href":"https:\/\/bestdrive.se\/lelu\/wp-json\/wp\/v2\/media?parent=1172"}],"curies":[{"name":"wp","href":"https:\/\/api.w.org\/{rel}","templated":true}]}}