{"id":1224,"date":"2024-05-13T12:49:51","date_gmt":"2024-05-13T12:49:51","guid":{"rendered":"http:\/\/bestdrive.se\/lelu\/?page_id=1224"},"modified":"2024-08-29T11:35:37","modified_gmt":"2024-08-29T11:35:37","slug":"dack-falg-2","status":"publish","type":"page","link":"https:\/\/bestdrive.se\/lelu\/dack-falg-2\/","title":{"rendered":"D\u00c4CK &amp; GUMMIVERKSTAD I ARVIDSJAUR"},"content":{"rendered":"\n<p>I v\u00e5r d\u00e4ckverkstad byter vi dina d\u00e4ck oavsett vilka fordon Du har.<\/p>\n\n\n\n<p>Vi \u00e4r medlem i den rikst\u00e4ckande d\u00e4ckkedjan Best Drive<\/p>\n\n\n\n<p>Vi lagerh\u00e5ller d\u00e4ck fr\u00e5n v\u00e4lk\u00e4nda d\u00e4ckleverant\u00f6rer. V\u00e4ljer Du ett speciald\u00e4ck s\u00e5 har vi mycket korta leveranstider.<\/p>\n\n\n\n<p><a href=\"https:\/\/www.leluab.se\/boka-tid\/\">BOKA TID<\/a><\/p>\n\n\n\n<h2 class=\"wp-block-heading\">F\u00c4LGAR<\/h2>\n\n\n\n<p>F\u00e4lgar \u00e4ndrar bilens karakt\u00e4r. Vi levererar f\u00e4lgar efter Dina \u00f6nskem\u00e5l. N\u00e4r Du ska byta till nya d\u00e4ck eller om Du bara vill \u00e4ndra bilens utseendet med nya f\u00e4lgar.<\/p>\n\n\n\n<p>Vi har ett sortiment av f\u00e4lgar i lager och ser g\u00e4rna att Du kommer in och tittar.<\/p>\n\n\n\n<h3 class=\"wp-block-heading\">F\u00c4LGPROVARE HOS SPECIALF\u00c4LGAR<\/h3>\n\n\n\n<p>Nu kan Du sj\u00e4lv testa vilka f\u00e4lgar som passar Dig b\u00e4st.<\/p>\n\n\n\n<p>Testa deras F\u00e4lgprovare genom att&nbsp;<a href=\"https:\/\/www.specialfalgar.se\/falgar\/falgguiden\/\" target=\"_blank\" rel=\"noreferrer noopener\">KLICKA H\u00c4R!<\/a><\/p>\n\n\n\n<figure class=\"wp-block-image\"><img fetchpriority=\"high\" decoding=\"async\" width=\"980\" height=\"361\" src=\"http:\/\/bestdrive.se\/lelu\/wp-content\/uploads\/2024\/05\/dack-falg-arvidsjaur.jpg\" alt=\"\" class=\"wp-image-1193\" srcset=\"https:\/\/bestdrive.se\/lelu\/wp-content\/uploads\/2024\/05\/dack-falg-arvidsjaur.jpg 980w, https:\/\/bestdrive.se\/lelu\/wp-content\/uploads\/2024\/05\/dack-falg-arvidsjaur-300x111.jpg 300w, https:\/\/bestdrive.se\/lelu\/wp-content\/uploads\/2024\/05\/dack-falg-arvidsjaur-768x283.jpg 768w\" sizes=\"(max-width: 980px) 100vw, 980px\" \/><\/figure>\n","protected":false},"excerpt":{"rendered":"<p>I v\u00e5r d\u00e4ckverkstad byter vi dina d\u00e4ck oavsett vilka fordon Du har. Vi \u00e4r medlem i den rikst\u00e4ckande d\u00e4ckkedjan Best Drive Vi lagerh\u00e5ller d\u00e4ck fr\u00e5n v\u00e4lk\u00e4nda d\u00e4ckleverant\u00f6rer. V\u00e4ljer Du ett speciald\u00e4ck s\u00e5 har vi mycket korta leveranstider. BOKA TID F\u00c4LGAR F\u00e4lgar \u00e4ndrar bilens karakt\u00e4r. Vi levererar f\u00e4lgar efter Dina \u00f6nskem\u00e5l. N\u00e4r Du ska byta till [&hellip;]<\/p>\n","protected":false},"author":3,"featured_media":0,"parent":0,"menu_order":0,"comment_status":"closed","ping_status":"closed","template":"","meta":{"_acf_changed":false,"footnotes":""},"class_list":["post-1224","page","type-page","status-publish","hentry"],"acf":[],"yoast_head":"<!-- This site is optimized with the Yoast SEO plugin v27.3 - https:\/\/yoast.com\/product\/yoast-seo-wordpress\/ -->\n<title>D\u00c4CK &amp; GUMMIVERKSTAD I ARVIDSJAUR - Arvidsjaur<\/title>\n<meta name=\"robots\" content=\"index, follow, max-snippet:-1, max-image-preview:large, max-video-preview:-1\" \/>\n<link rel=\"canonical\" href=\"https:\/\/bestdrive.se\/lelu\/dack-falg-2\/\" \/>\n<meta property=\"og:locale\" content=\"sv_SE\" \/>\n<meta property=\"og:type\" content=\"article\" \/>\n<meta property=\"og:title\" content=\"D\u00c4CK &amp; GUMMIVERKSTAD I ARVIDSJAUR - Arvidsjaur\" \/>\n<meta property=\"og:description\" content=\"I v\u00e5r d\u00e4ckverkstad byter vi dina d\u00e4ck oavsett vilka fordon Du har. Vi \u00e4r medlem i den rikst\u00e4ckande d\u00e4ckkedjan Best Drive Vi lagerh\u00e5ller d\u00e4ck fr\u00e5n v\u00e4lk\u00e4nda d\u00e4ckleverant\u00f6rer. V\u00e4ljer Du ett speciald\u00e4ck s\u00e5 har vi mycket korta leveranstider. BOKA TID F\u00c4LGAR F\u00e4lgar \u00e4ndrar bilens karakt\u00e4r. Vi levererar f\u00e4lgar efter Dina \u00f6nskem\u00e5l. N\u00e4r Du ska byta till [&hellip;]\" \/>\n<meta property=\"og:url\" content=\"https:\/\/bestdrive.se\/lelu\/dack-falg-2\/\" \/>\n<meta property=\"og:site_name\" content=\"LELU AB - Arvidsjaur\" \/>\n<meta property=\"article:modified_time\" content=\"2024-08-29T11:35:37+00:00\" \/>\n<meta property=\"og:image\" content=\"http:\/\/bestdrive.se\/lelu\/wp-content\/uploads\/2024\/05\/dack-falg-arvidsjaur.jpg\" \/>\n<meta name=\"twitter:card\" content=\"summary_large_image\" \/>\n<meta name=\"twitter:label1\" content=\"Ber\u00e4knad l\u00e4stid\" \/>\n\t<meta name=\"twitter:data1\" content=\"1 minut\" \/>\n<script type=\"application\/ld+json\" class=\"yoast-schema-graph\">{\"@context\":\"https:\\\/\\\/schema.org\",\"@graph\":[{\"@type\":\"WebPage\",\"@id\":\"https:\\\/\\\/bestdrive.se\\\/lelu\\\/dack-falg-2\\\/\",\"url\":\"https:\\\/\\\/bestdrive.se\\\/lelu\\\/dack-falg-2\\\/\",\"name\":\"D\u00c4CK &amp; GUMMIVERKSTAD I ARVIDSJAUR - Arvidsjaur\",\"isPartOf\":{\"@id\":\"https:\\\/\\\/bestdrive.se\\\/lelu\\\/#website\"},\"primaryImageOfPage\":{\"@id\":\"https:\\\/\\\/bestdrive.se\\\/lelu\\\/dack-falg-2\\\/#primaryimage\"},\"image\":{\"@id\":\"https:\\\/\\\/bestdrive.se\\\/lelu\\\/dack-falg-2\\\/#primaryimage\"},\"thumbnailUrl\":\"http:\\\/\\\/bestdrive.se\\\/lelu\\\/wp-content\\\/uploads\\\/2024\\\/05\\\/dack-falg-arvidsjaur.jpg\",\"datePublished\":\"2024-05-13T12:49:51+00:00\",\"dateModified\":\"2024-08-29T11:35:37+00:00\",\"breadcrumb\":{\"@id\":\"https:\\\/\\\/bestdrive.se\\\/lelu\\\/dack-falg-2\\\/#breadcrumb\"},\"inLanguage\":\"sv-SE\",\"potentialAction\":[{\"@type\":\"ReadAction\",\"target\":[\"https:\\\/\\\/bestdrive.se\\\/lelu\\\/dack-falg-2\\\/\"]}]},{\"@type\":\"ImageObject\",\"inLanguage\":\"sv-SE\",\"@id\":\"https:\\\/\\\/bestdrive.se\\\/lelu\\\/dack-falg-2\\\/#primaryimage\",\"url\":\"https:\\\/\\\/bestdrive.se\\\/lelu\\\/wp-content\\\/uploads\\\/2024\\\/05\\\/dack-falg-arvidsjaur.jpg\",\"contentUrl\":\"https:\\\/\\\/bestdrive.se\\\/lelu\\\/wp-content\\\/uploads\\\/2024\\\/05\\\/dack-falg-arvidsjaur.jpg\",\"width\":980,\"height\":361},{\"@type\":\"BreadcrumbList\",\"@id\":\"https:\\\/\\\/bestdrive.se\\\/lelu\\\/dack-falg-2\\\/#breadcrumb\",\"itemListElement\":[{\"@type\":\"ListItem\",\"position\":1,\"name\":\"Home\",\"item\":\"https:\\\/\\\/bestdrive.se\\\/lelu\\\/\"},{\"@type\":\"ListItem\",\"position\":2,\"name\":\"D\u00c4CK &amp; GUMMIVERKSTAD I ARVIDSJAUR\"}]},{\"@type\":\"WebSite\",\"@id\":\"https:\\\/\\\/bestdrive.se\\\/lelu\\\/#website\",\"url\":\"https:\\\/\\\/bestdrive.se\\\/lelu\\\/\",\"name\":\"BestDrive Arvidsjaur\",\"description\":\"BestDrive Arvidsjaur\",\"publisher\":{\"@id\":\"https:\\\/\\\/bestdrive.se\\\/lelu\\\/#organization\"},\"alternateName\":\"LELU AB\",\"potentialAction\":[{\"@type\":\"SearchAction\",\"target\":{\"@type\":\"EntryPoint\",\"urlTemplate\":\"https:\\\/\\\/bestdrive.se\\\/lelu\\\/?s={search_term_string}\"},\"query-input\":{\"@type\":\"PropertyValueSpecification\",\"valueRequired\":true,\"valueName\":\"search_term_string\"}}],\"inLanguage\":\"sv-SE\"},{\"@type\":\"Organization\",\"@id\":\"https:\\\/\\\/bestdrive.se\\\/lelu\\\/#organization\",\"name\":\"BestDrive Arvidsjaur\",\"alternateName\":\"LELU AB\",\"url\":\"https:\\\/\\\/bestdrive.se\\\/lelu\\\/\",\"logo\":{\"@type\":\"ImageObject\",\"inLanguage\":\"sv-SE\",\"@id\":\"https:\\\/\\\/bestdrive.se\\\/lelu\\\/#\\\/schema\\\/logo\\\/image\\\/\",\"url\":\"https:\\\/\\\/bestdrive.se\\\/lelu\\\/wp-content\\\/uploads\\\/2024\\\/03\\\/grasdalen-logo-e1712575351813.png\",\"contentUrl\":\"https:\\\/\\\/bestdrive.se\\\/lelu\\\/wp-content\\\/uploads\\\/2024\\\/03\\\/grasdalen-logo-e1712575351813.png\",\"width\":145,\"height\":59,\"caption\":\"BestDrive Arvidsjaur\"},\"image\":{\"@id\":\"https:\\\/\\\/bestdrive.se\\\/lelu\\\/#\\\/schema\\\/logo\\\/image\\\/\"}}]}<\/script>\n<!-- \/ Yoast SEO plugin. -->","yoast_head_json":{"title":"D\u00c4CK &amp; GUMMIVERKSTAD I ARVIDSJAUR - Arvidsjaur","robots":{"index":"index","follow":"follow","max-snippet":"max-snippet:-1","max-image-preview":"max-image-preview:large","max-video-preview":"max-video-preview:-1"},"canonical":"https:\/\/bestdrive.se\/lelu\/dack-falg-2\/","og_locale":"sv_SE","og_type":"article","og_title":"D\u00c4CK &amp; GUMMIVERKSTAD I ARVIDSJAUR - Arvidsjaur","og_description":"I v\u00e5r d\u00e4ckverkstad byter vi dina d\u00e4ck oavsett vilka fordon Du har. Vi \u00e4r medlem i den rikst\u00e4ckande d\u00e4ckkedjan Best Drive Vi lagerh\u00e5ller d\u00e4ck fr\u00e5n v\u00e4lk\u00e4nda d\u00e4ckleverant\u00f6rer. V\u00e4ljer Du ett speciald\u00e4ck s\u00e5 har vi mycket korta leveranstider. BOKA TID F\u00c4LGAR F\u00e4lgar \u00e4ndrar bilens karakt\u00e4r. Vi levererar f\u00e4lgar efter Dina \u00f6nskem\u00e5l. N\u00e4r Du ska byta till [&hellip;]","og_url":"https:\/\/bestdrive.se\/lelu\/dack-falg-2\/","og_site_name":"LELU AB - Arvidsjaur","article_modified_time":"2024-08-29T11:35:37+00:00","og_image":[{"url":"http:\/\/bestdrive.se\/lelu\/wp-content\/uploads\/2024\/05\/dack-falg-arvidsjaur.jpg","type":"","width":"","height":""}],"twitter_card":"summary_large_image","twitter_misc":{"Ber\u00e4knad l\u00e4stid":"1 minut"},"schema":{"@context":"https:\/\/schema.org","@graph":[{"@type":"WebPage","@id":"https:\/\/bestdrive.se\/lelu\/dack-falg-2\/","url":"https:\/\/bestdrive.se\/lelu\/dack-falg-2\/","name":"D\u00c4CK &amp; GUMMIVERKSTAD I ARVIDSJAUR - Arvidsjaur","isPartOf":{"@id":"https:\/\/bestdrive.se\/lelu\/#website"},"primaryImageOfPage":{"@id":"https:\/\/bestdrive.se\/lelu\/dack-falg-2\/#primaryimage"},"image":{"@id":"https:\/\/bestdrive.se\/lelu\/dack-falg-2\/#primaryimage"},"thumbnailUrl":"http:\/\/bestdrive.se\/lelu\/wp-content\/uploads\/2024\/05\/dack-falg-arvidsjaur.jpg","datePublished":"2024-05-13T12:49:51+00:00","dateModified":"2024-08-29T11:35:37+00:00","breadcrumb":{"@id":"https:\/\/bestdrive.se\/lelu\/dack-falg-2\/#breadcrumb"},"inLanguage":"sv-SE","potentialAction":[{"@type":"ReadAction","target":["https:\/\/bestdrive.se\/lelu\/dack-falg-2\/"]}]},{"@type":"ImageObject","inLanguage":"sv-SE","@id":"https:\/\/bestdrive.se\/lelu\/dack-falg-2\/#primaryimage","url":"https:\/\/bestdrive.se\/lelu\/wp-content\/uploads\/2024\/05\/dack-falg-arvidsjaur.jpg","contentUrl":"https:\/\/bestdrive.se\/lelu\/wp-content\/uploads\/2024\/05\/dack-falg-arvidsjaur.jpg","width":980,"height":361},{"@type":"BreadcrumbList","@id":"https:\/\/bestdrive.se\/lelu\/dack-falg-2\/#breadcrumb","itemListElement":[{"@type":"ListItem","position":1,"name":"Home","item":"https:\/\/bestdrive.se\/lelu\/"},{"@type":"ListItem","position":2,"name":"D\u00c4CK &amp; GUMMIVERKSTAD I ARVIDSJAUR"}]},{"@type":"WebSite","@id":"https:\/\/bestdrive.se\/lelu\/#website","url":"https:\/\/bestdrive.se\/lelu\/","name":"BestDrive Arvidsjaur","description":"BestDrive Arvidsjaur","publisher":{"@id":"https:\/\/bestdrive.se\/lelu\/#organization"},"alternateName":"LELU AB","potentialAction":[{"@type":"SearchAction","target":{"@type":"EntryPoint","urlTemplate":"https:\/\/bestdrive.se\/lelu\/?s={search_term_string}"},"query-input":{"@type":"PropertyValueSpecification","valueRequired":true,"valueName":"search_term_string"}}],"inLanguage":"sv-SE"},{"@type":"Organization","@id":"https:\/\/bestdrive.se\/lelu\/#organization","name":"BestDrive Arvidsjaur","alternateName":"LELU AB","url":"https:\/\/bestdrive.se\/lelu\/","logo":{"@type":"ImageObject","inLanguage":"sv-SE","@id":"https:\/\/bestdrive.se\/lelu\/#\/schema\/logo\/image\/","url":"https:\/\/bestdrive.se\/lelu\/wp-content\/uploads\/2024\/03\/grasdalen-logo-e1712575351813.png","contentUrl":"https:\/\/bestdrive.se\/lelu\/wp-content\/uploads\/2024\/03\/grasdalen-logo-e1712575351813.png","width":145,"height":59,"caption":"BestDrive Arvidsjaur"},"image":{"@id":"https:\/\/bestdrive.se\/lelu\/#\/schema\/logo\/image\/"}}]}},"_links":{"self":[{"href":"https:\/\/bestdrive.se\/lelu\/wp-json\/wp\/v2\/pages\/1224","targetHints":{"allow":["GET"]}}],"collection":[{"href":"https:\/\/bestdrive.se\/lelu\/wp-json\/wp\/v2\/pages"}],"about":[{"href":"https:\/\/bestdrive.se\/lelu\/wp-json\/wp\/v2\/types\/page"}],"author":[{"embeddable":true,"href":"https:\/\/bestdrive.se\/lelu\/wp-json\/wp\/v2\/users\/3"}],"replies":[{"embeddable":true,"href":"https:\/\/bestdrive.se\/lelu\/wp-json\/wp\/v2\/comments?post=1224"}],"version-history":[{"count":3,"href":"https:\/\/bestdrive.se\/lelu\/wp-json\/wp\/v2\/pages\/1224\/revisions"}],"predecessor-version":[{"id":1254,"href":"https:\/\/bestdrive.se\/lelu\/wp-json\/wp\/v2\/pages\/1224\/revisions\/1254"}],"wp:attachment":[{"href":"https:\/\/bestdrive.se\/lelu\/wp-json\/wp\/v2\/media?parent=1224"}],"curies":[{"name":"wp","href":"https:\/\/api.w.org\/{rel}","templated":true}]}}