{"id":1227,"date":"2024-05-13T12:51:16","date_gmt":"2024-05-13T12:51:16","guid":{"rendered":"http:\/\/bestdrive.se\/lelu\/?page_id=1227"},"modified":"2024-05-14T08:58:21","modified_gmt":"2024-05-14T08:58:21","slug":"om-oss-2","status":"publish","type":"page","link":"https:\/\/bestdrive.se\/lelu\/om-oss-2\/","title":{"rendered":"Historia om f\u00f6retaget Lelu AB"},"content":{"rendered":"\n<p>\u00c5r 2005 startade Leif Lundberg sitt f\u00f6retag, Lelu AB, d\u00e4r han som enda anst\u00e4lld anv\u00e4nde sin l\u00e5nga erfarenhet som mekaniker till att hj\u00e4lpa verkst\u00e4der som uthyrd mekaniker. Han fick mycket arbete i M\u00e4lardalen d\u00e4r han servade bussar och andra tunga fordon. Efterfr\u00e5gan var stor och Leif kunde snart anst\u00e4lla b\u00e5de en och tv\u00e5 mekaniker till. F\u00f6retaget expanderade fort, jobben var m\u00e5nga och utspridda \u00f6ver hela landet.<\/p>\n\n\n\n<p>I b\u00f6rjan av 2008 fick han chansen att ta \u00f6ver Bil &amp;Traktors verkstad f\u00f6r tunga fordon, p\u00e5 hemmaplan i Arvidsjaur, vilket han gjorde. Med hj\u00e4lp av ytterligare anst\u00e4llda \u00f6vertog han d\u00e5 den Volvo-representerade verksamheten med reparationer och reservdelar. Samtidigt fortsatte han med uthyrningar av fler mekaniker \u00f6ver hela Sverige.<\/p>\n\n\n\n<p>P\u00e5 sommaren 2008 b\u00f6rjade Lelu AB samarbeta med Swecon. D\u00e4rigenom kunde man ut\u00f6ka sin inriktning fr\u00e5n i stort sett endast reparationer och reservdelar f\u00f6r lastbilar och bussar till nu \u00e4ven entreprenadmaskiner.<\/p>\n\n\n\n<p>Under mitten av 2010 fortsatte f\u00f6retaget att v\u00e4xa markant. Man tog d\u00e5 \u00f6ver Nordiska Bils verkstad och reservdelar f\u00f6r personbilar i Arvidsjaur. Verkstaden som d\u00e5 var inriktad p\u00e5 Volvo och Renault kom snabbt att bli en personbilsverkstad f\u00f6r alla m\u00e4rken i och med ett samarbete med Bosch Car Service.<\/p>\n\n\n\n<p>Nu, 2011, driver Leif Lundberg fortfarande sitt f\u00f6retag. Lelu AB har i dagsl\u00e4get 19 anst\u00e4llda, tio stycken stationerade i Arvidsjaur p\u00e5 verkstaden som nu har personbils-, lastbils-, buss och traktorinriktning. Den st\u00f6rsta delen av f\u00f6retaget \u00e4r fortfarande den del som allting b\u00f6rjade med, mekanikeruthyrningen.<\/p>\n\n\n\n<p>Leif Lundberg vill inte stanna h\u00e4r, s\u00e5 vad han har t\u00e4nkt till n\u00e4sta stycke f\u00e5r vi se med tiden.<\/p>\n","protected":false},"excerpt":{"rendered":"<p>\u00c5r 2005 startade Leif Lundberg sitt f\u00f6retag, Lelu AB, d\u00e4r han som enda anst\u00e4lld anv\u00e4nde sin l\u00e5nga erfarenhet som mekaniker till att hj\u00e4lpa verkst\u00e4der som uthyrd mekaniker. Han fick mycket arbete i M\u00e4lardalen d\u00e4r han servade bussar och andra tunga fordon. Efterfr\u00e5gan var stor och Leif kunde snart anst\u00e4lla b\u00e5de en och tv\u00e5 mekaniker till. [&hellip;]<\/p>\n","protected":false},"author":3,"featured_media":0,"parent":0,"menu_order":0,"comment_status":"closed","ping_status":"closed","template":"","meta":{"_acf_changed":false,"footnotes":""},"class_list":["post-1227","page","type-page","status-publish","hentry"],"acf":[],"yoast_head":"<!-- This site is optimized with the Yoast SEO plugin v27.3 - https:\/\/yoast.com\/product\/yoast-seo-wordpress\/ -->\n<title>Historia om f\u00f6retaget Lelu AB - Arvidsjaur<\/title>\n<meta name=\"robots\" content=\"index, follow, max-snippet:-1, max-image-preview:large, max-video-preview:-1\" \/>\n<link rel=\"canonical\" href=\"https:\/\/bestdrive.se\/lelu\/om-oss-2\/\" \/>\n<meta property=\"og:locale\" content=\"sv_SE\" \/>\n<meta property=\"og:type\" content=\"article\" \/>\n<meta property=\"og:title\" content=\"Historia om f\u00f6retaget Lelu AB - Arvidsjaur\" \/>\n<meta property=\"og:description\" content=\"\u00c5r 2005 startade Leif Lundberg sitt f\u00f6retag, Lelu AB, d\u00e4r han som enda anst\u00e4lld anv\u00e4nde sin l\u00e5nga erfarenhet som mekaniker till att hj\u00e4lpa verkst\u00e4der som uthyrd mekaniker. Han fick mycket arbete i M\u00e4lardalen d\u00e4r han servade bussar och andra tunga fordon. Efterfr\u00e5gan var stor och Leif kunde snart anst\u00e4lla b\u00e5de en och tv\u00e5 mekaniker till. [&hellip;]\" \/>\n<meta property=\"og:url\" content=\"https:\/\/bestdrive.se\/lelu\/om-oss-2\/\" \/>\n<meta property=\"og:site_name\" content=\"LELU AB - Arvidsjaur\" \/>\n<meta property=\"article:modified_time\" content=\"2024-05-14T08:58:21+00:00\" \/>\n<meta name=\"twitter:card\" content=\"summary_large_image\" \/>\n<meta name=\"twitter:label1\" content=\"Ber\u00e4knad l\u00e4stid\" \/>\n\t<meta name=\"twitter:data1\" content=\"2 minuter\" \/>\n<script type=\"application\/ld+json\" class=\"yoast-schema-graph\">{\"@context\":\"https:\\\/\\\/schema.org\",\"@graph\":[{\"@type\":\"WebPage\",\"@id\":\"https:\\\/\\\/bestdrive.se\\\/lelu\\\/om-oss-2\\\/\",\"url\":\"https:\\\/\\\/bestdrive.se\\\/lelu\\\/om-oss-2\\\/\",\"name\":\"Historia om f\u00f6retaget Lelu AB - Arvidsjaur\",\"isPartOf\":{\"@id\":\"https:\\\/\\\/bestdrive.se\\\/lelu\\\/#website\"},\"datePublished\":\"2024-05-13T12:51:16+00:00\",\"dateModified\":\"2024-05-14T08:58:21+00:00\",\"breadcrumb\":{\"@id\":\"https:\\\/\\\/bestdrive.se\\\/lelu\\\/om-oss-2\\\/#breadcrumb\"},\"inLanguage\":\"sv-SE\",\"potentialAction\":[{\"@type\":\"ReadAction\",\"target\":[\"https:\\\/\\\/bestdrive.se\\\/lelu\\\/om-oss-2\\\/\"]}]},{\"@type\":\"BreadcrumbList\",\"@id\":\"https:\\\/\\\/bestdrive.se\\\/lelu\\\/om-oss-2\\\/#breadcrumb\",\"itemListElement\":[{\"@type\":\"ListItem\",\"position\":1,\"name\":\"Home\",\"item\":\"https:\\\/\\\/bestdrive.se\\\/lelu\\\/\"},{\"@type\":\"ListItem\",\"position\":2,\"name\":\"Historia om f\u00f6retaget Lelu AB\"}]},{\"@type\":\"WebSite\",\"@id\":\"https:\\\/\\\/bestdrive.se\\\/lelu\\\/#website\",\"url\":\"https:\\\/\\\/bestdrive.se\\\/lelu\\\/\",\"name\":\"BestDrive Arvidsjaur\",\"description\":\"BestDrive Arvidsjaur\",\"publisher\":{\"@id\":\"https:\\\/\\\/bestdrive.se\\\/lelu\\\/#organization\"},\"alternateName\":\"LELU AB\",\"potentialAction\":[{\"@type\":\"SearchAction\",\"target\":{\"@type\":\"EntryPoint\",\"urlTemplate\":\"https:\\\/\\\/bestdrive.se\\\/lelu\\\/?s={search_term_string}\"},\"query-input\":{\"@type\":\"PropertyValueSpecification\",\"valueRequired\":true,\"valueName\":\"search_term_string\"}}],\"inLanguage\":\"sv-SE\"},{\"@type\":\"Organization\",\"@id\":\"https:\\\/\\\/bestdrive.se\\\/lelu\\\/#organization\",\"name\":\"BestDrive Arvidsjaur\",\"alternateName\":\"LELU AB\",\"url\":\"https:\\\/\\\/bestdrive.se\\\/lelu\\\/\",\"logo\":{\"@type\":\"ImageObject\",\"inLanguage\":\"sv-SE\",\"@id\":\"https:\\\/\\\/bestdrive.se\\\/lelu\\\/#\\\/schema\\\/logo\\\/image\\\/\",\"url\":\"https:\\\/\\\/bestdrive.se\\\/lelu\\\/wp-content\\\/uploads\\\/2024\\\/03\\\/grasdalen-logo-e1712575351813.png\",\"contentUrl\":\"https:\\\/\\\/bestdrive.se\\\/lelu\\\/wp-content\\\/uploads\\\/2024\\\/03\\\/grasdalen-logo-e1712575351813.png\",\"width\":145,\"height\":59,\"caption\":\"BestDrive Arvidsjaur\"},\"image\":{\"@id\":\"https:\\\/\\\/bestdrive.se\\\/lelu\\\/#\\\/schema\\\/logo\\\/image\\\/\"}}]}<\/script>\n<!-- \/ Yoast SEO plugin. -->","yoast_head_json":{"title":"Historia om f\u00f6retaget Lelu AB - Arvidsjaur","robots":{"index":"index","follow":"follow","max-snippet":"max-snippet:-1","max-image-preview":"max-image-preview:large","max-video-preview":"max-video-preview:-1"},"canonical":"https:\/\/bestdrive.se\/lelu\/om-oss-2\/","og_locale":"sv_SE","og_type":"article","og_title":"Historia om f\u00f6retaget Lelu AB - Arvidsjaur","og_description":"\u00c5r 2005 startade Leif Lundberg sitt f\u00f6retag, Lelu AB, d\u00e4r han som enda anst\u00e4lld anv\u00e4nde sin l\u00e5nga erfarenhet som mekaniker till att hj\u00e4lpa verkst\u00e4der som uthyrd mekaniker. Han fick mycket arbete i M\u00e4lardalen d\u00e4r han servade bussar och andra tunga fordon. Efterfr\u00e5gan var stor och Leif kunde snart anst\u00e4lla b\u00e5de en och tv\u00e5 mekaniker till. [&hellip;]","og_url":"https:\/\/bestdrive.se\/lelu\/om-oss-2\/","og_site_name":"LELU AB - Arvidsjaur","article_modified_time":"2024-05-14T08:58:21+00:00","twitter_card":"summary_large_image","twitter_misc":{"Ber\u00e4knad l\u00e4stid":"2 minuter"},"schema":{"@context":"https:\/\/schema.org","@graph":[{"@type":"WebPage","@id":"https:\/\/bestdrive.se\/lelu\/om-oss-2\/","url":"https:\/\/bestdrive.se\/lelu\/om-oss-2\/","name":"Historia om f\u00f6retaget Lelu AB - Arvidsjaur","isPartOf":{"@id":"https:\/\/bestdrive.se\/lelu\/#website"},"datePublished":"2024-05-13T12:51:16+00:00","dateModified":"2024-05-14T08:58:21+00:00","breadcrumb":{"@id":"https:\/\/bestdrive.se\/lelu\/om-oss-2\/#breadcrumb"},"inLanguage":"sv-SE","potentialAction":[{"@type":"ReadAction","target":["https:\/\/bestdrive.se\/lelu\/om-oss-2\/"]}]},{"@type":"BreadcrumbList","@id":"https:\/\/bestdrive.se\/lelu\/om-oss-2\/#breadcrumb","itemListElement":[{"@type":"ListItem","position":1,"name":"Home","item":"https:\/\/bestdrive.se\/lelu\/"},{"@type":"ListItem","position":2,"name":"Historia om f\u00f6retaget Lelu AB"}]},{"@type":"WebSite","@id":"https:\/\/bestdrive.se\/lelu\/#website","url":"https:\/\/bestdrive.se\/lelu\/","name":"BestDrive Arvidsjaur","description":"BestDrive Arvidsjaur","publisher":{"@id":"https:\/\/bestdrive.se\/lelu\/#organization"},"alternateName":"LELU AB","potentialAction":[{"@type":"SearchAction","target":{"@type":"EntryPoint","urlTemplate":"https:\/\/bestdrive.se\/lelu\/?s={search_term_string}"},"query-input":{"@type":"PropertyValueSpecification","valueRequired":true,"valueName":"search_term_string"}}],"inLanguage":"sv-SE"},{"@type":"Organization","@id":"https:\/\/bestdrive.se\/lelu\/#organization","name":"BestDrive Arvidsjaur","alternateName":"LELU AB","url":"https:\/\/bestdrive.se\/lelu\/","logo":{"@type":"ImageObject","inLanguage":"sv-SE","@id":"https:\/\/bestdrive.se\/lelu\/#\/schema\/logo\/image\/","url":"https:\/\/bestdrive.se\/lelu\/wp-content\/uploads\/2024\/03\/grasdalen-logo-e1712575351813.png","contentUrl":"https:\/\/bestdrive.se\/lelu\/wp-content\/uploads\/2024\/03\/grasdalen-logo-e1712575351813.png","width":145,"height":59,"caption":"BestDrive Arvidsjaur"},"image":{"@id":"https:\/\/bestdrive.se\/lelu\/#\/schema\/logo\/image\/"}}]}},"_links":{"self":[{"href":"https:\/\/bestdrive.se\/lelu\/wp-json\/wp\/v2\/pages\/1227","targetHints":{"allow":["GET"]}}],"collection":[{"href":"https:\/\/bestdrive.se\/lelu\/wp-json\/wp\/v2\/pages"}],"about":[{"href":"https:\/\/bestdrive.se\/lelu\/wp-json\/wp\/v2\/types\/page"}],"author":[{"embeddable":true,"href":"https:\/\/bestdrive.se\/lelu\/wp-json\/wp\/v2\/users\/3"}],"replies":[{"embeddable":true,"href":"https:\/\/bestdrive.se\/lelu\/wp-json\/wp\/v2\/comments?post=1227"}],"version-history":[{"count":2,"href":"https:\/\/bestdrive.se\/lelu\/wp-json\/wp\/v2\/pages\/1227\/revisions"}],"predecessor-version":[{"id":1236,"href":"https:\/\/bestdrive.se\/lelu\/wp-json\/wp\/v2\/pages\/1227\/revisions\/1236"}],"wp:attachment":[{"href":"https:\/\/bestdrive.se\/lelu\/wp-json\/wp\/v2\/media?parent=1227"}],"curies":[{"name":"wp","href":"https:\/\/api.w.org\/{rel}","templated":true}]}}