{"id":16,"date":"2024-03-01T12:44:06","date_gmt":"2024-03-01T12:44:06","guid":{"rendered":"http:\/\/bestdrive.se\/lelu\/?page_id=16"},"modified":"2024-12-03T12:40:32","modified_gmt":"2024-12-03T12:40:32","slug":"start","status":"publish","type":"page","link":"https:\/\/bestdrive.se\/lelu\/","title":{"rendered":"START"},"content":{"rendered":"\t\t<div data-elementor-type=\"wp-page\" data-elementor-id=\"16\" class=\"elementor elementor-16\" data-elementor-post-type=\"page\">\n\t\t\t\t<div class=\"elementor-element elementor-element-5e4f287 elementor-hidden-desktop e-flex e-con-boxed e-con e-parent\" data-id=\"5e4f287\" data-element_type=\"container\" data-e-type=\"container\" data-settings=\"{&quot;background_background&quot;:&quot;classic&quot;}\">\n\t\t\t\t\t<div class=\"e-con-inner\">\n\t\t<div class=\"elementor-element elementor-element-ac94d22 e-flex e-con-boxed e-con e-child\" data-id=\"ac94d22\" data-element_type=\"container\" data-e-type=\"container\" data-settings=\"{&quot;background_background&quot;:&quot;classic&quot;}\">\n\t\t\t\t\t<div class=\"e-con-inner\">\n\t\t\t\t\t<\/div>\n\t\t\t\t<\/div>\n\t\t<div class=\"elementor-element elementor-element-91ee496 e-flex e-con-boxed e-con e-child\" data-id=\"91ee496\" data-element_type=\"container\" data-e-type=\"container\" data-settings=\"{&quot;background_background&quot;:&quot;classic&quot;}\">\n\t\t\t\t\t<div class=\"e-con-inner\">\n\t\t\t\t<div class=\"elementor-element elementor-element-5e008ef elementor-widget elementor-widget-text-editor\" data-id=\"5e008ef\" data-element_type=\"widget\" data-e-type=\"widget\" data-widget_type=\"text-editor.default\">\n\t\t\t\t<div class=\"elementor-widget-container\">\n\t\t\t\t\t\t\t\t\t<p><strong>D\u00e4ck och gummiverkstad i Arvidsjaur<\/strong><\/p><p>I v\u00e5r d\u00e4ckverkstad tar vi hand om d\u00e4ckbyten f\u00f6r alla typer av fordon.\u00a0<br \/><span style=\"text-align: var(--text-align);\">Vi har ett brett sortiment av d\u00e4ck fr\u00e5n v\u00e4lrenommerade leverant\u00f6rer p\u00e5 lager. Om du f\u00f6redrar speciald\u00e4ck, kan vi erbjuda mycket korta leveranstider.<\/span><\/p><p>I v\u00e5r bilverkstad i Arvidsjaur servar och reparerar vi alla typer av personbilar och l\u00e4ttare fordon som Volvo, Audi, Saab, BMW, Mercedes.\u00a0<\/p>\t\t\t\t\t\t\t\t<\/div>\n\t\t\t\t<\/div>\n\t\t\t\t\t<\/div>\n\t\t\t\t<\/div>\n\t\t\t\t\t<\/div>\n\t\t\t\t<\/div>\n\t\t<div class=\"elementor-element elementor-element-284b83f elementor-hidden-tablet elementor-hidden-mobile e-flex e-con-boxed e-con e-parent\" data-id=\"284b83f\" data-element_type=\"container\" data-e-type=\"container\" data-settings=\"{&quot;background_background&quot;:&quot;classic&quot;}\">\n\t\t\t\t\t<div class=\"e-con-inner\">\n\t\t<div class=\"elementor-element elementor-element-de79f70 e-con-full e-flex elementor-invisible e-con e-child\" data-id=\"de79f70\" data-element_type=\"container\" data-e-type=\"container\" data-settings=\"{&quot;background_background&quot;:&quot;classic&quot;,&quot;animation&quot;:&quot;fadeIn&quot;}\">\n\t\t\t\t<div class=\"elementor-element elementor-element-30a3578 animated-fast elementor-invisible elementor-widget elementor-widget-heading\" data-id=\"30a3578\" data-element_type=\"widget\" data-e-type=\"widget\" data-settings=\"{&quot;_animation&quot;:&quot;fadeIn&quot;,&quot;_animation_delay&quot;:300}\" data-widget_type=\"heading.default\">\n\t\t\t\t<div class=\"elementor-widget-container\">\n\t\t\t\t\t<h1 class=\"elementor-heading-title elementor-size-default\">D\u00e4ck och gummiverkstad i Arvidsjaur\n<\/h1>\t\t\t\t<\/div>\n\t\t\t\t<\/div>\n\t\t\t\t<div class=\"elementor-element elementor-element-a0b7129 animated-fast elementor-invisible elementor-widget elementor-widget-text-editor\" data-id=\"a0b7129\" data-element_type=\"widget\" data-e-type=\"widget\" data-settings=\"{&quot;_animation&quot;:&quot;fadeIn&quot;,&quot;_animation_delay&quot;:400}\" data-widget_type=\"text-editor.default\">\n\t\t\t\t<div class=\"elementor-widget-container\">\n\t\t\t\t\t\t\t\t\t<p>I v\u00e5r d\u00e4ckverkstad tar vi hand om d\u00e4ckbyten f\u00f6r alla typer av fordon.\u00a0<br \/><span style=\"text-align: var(--text-align);\">Vi har ett brett sortiment av d\u00e4ck fr\u00e5n v\u00e4lrenommerade leverant\u00f6rer p\u00e5 lager. Om du f\u00f6redrar speciald\u00e4ck, kan vi erbjuda mycket korta leveranstider.<\/span><\/p><p>I v\u00e5r bilverkstad i Arvidsjaur servar och reparerar vi alla typer av personbilar och l\u00e4ttare fordon som Volvo, Audi, Saab, BMW, Mercedes.\u00a0<\/p>\t\t\t\t\t\t\t\t<\/div>\n\t\t\t\t<\/div>\n\t\t\t\t<\/div>\n\t\t\t\t\t<\/div>\n\t\t\t\t<\/div>\n\t\t<div class=\"elementor-element elementor-element-8f5dff3 e-flex e-con-boxed e-con e-parent\" data-id=\"8f5dff3\" data-element_type=\"container\" data-e-type=\"container\" id=\"oppet\">\n\t\t\t\t\t<div class=\"e-con-inner\">\n\t\t<div class=\"elementor-element elementor-element-3ffe63b e-flex e-con-boxed e-con e-child\" data-id=\"3ffe63b\" data-element_type=\"container\" data-e-type=\"container\" data-settings=\"{&quot;background_background&quot;:&quot;classic&quot;}\">\n\t\t\t\t\t<div class=\"e-con-inner\">\n\t\t\t\t<div class=\"elementor-element elementor-element-ee9a604 elementor-icon-list--layout-traditional elementor-list-item-link-full_width elementor-widget elementor-widget-icon-list\" data-id=\"ee9a604\" data-element_type=\"widget\" data-e-type=\"widget\" data-widget_type=\"icon-list.default\">\n\t\t\t\t<div class=\"elementor-widget-container\">\n\t\t\t\t\t\t\t<ul class=\"elementor-icon-list-items\">\n\t\t\t\t\t\t\t<li class=\"elementor-icon-list-item\">\n\t\t\t\t\t\t\t\t\t\t\t<span class=\"elementor-icon-list-icon\">\n\t\t\t\t\t\t\t<svg aria-hidden=\"true\" class=\"e-font-icon-svg e-far-clock\" viewBox=\"0 0 512 512\" xmlns=\"http:\/\/www.w3.org\/2000\/svg\"><path d=\"M256 8C119 8 8 119 8 256s111 248 248 248 248-111 248-248S393 8 256 8zm0 448c-110.5 0-200-89.5-200-200S145.5 56 256 56s200 89.5 200 200-89.5 200-200 200zm61.8-104.4l-84.9-61.7c-3.1-2.3-4.9-5.9-4.9-9.7V116c0-6.6 5.4-12 12-12h32c6.6 0 12 5.4 12 12v141.7l66.8 48.6c5.4 3.9 6.5 11.4 2.6 16.8L334.6 349c-3.9 5.3-11.4 6.5-16.8 2.6z\"><\/path><\/svg>\t\t\t\t\t\t<\/span>\n\t\t\t\t\t\t\t\t\t\t<span class=\"elementor-icon-list-text\">\u00d6ppettider<\/span>\n\t\t\t\t\t\t\t\t\t<\/li>\n\t\t\t\t\t\t<\/ul>\n\t\t\t\t\t\t<\/div>\n\t\t\t\t<\/div>\n\t\t\t\t<div class=\"elementor-element elementor-element-d22b631 elementor-widget elementor-widget-text-editor\" data-id=\"d22b631\" data-element_type=\"widget\" data-e-type=\"widget\" data-widget_type=\"text-editor.default\">\n\t\t\t\t<div class=\"elementor-widget-container\">\n\t\t\t\t\t\t\t\t\t<p>M\u00e5ndag &#8211; Fredag: 07.00 &#8211; 16.00<br \/>\nLunch 12.00 &#8211; 12.45<br \/>\nL\u00f6rdag &#8211; S\u00f6ndag: St\u00e4ngt<\/p>\n\t\t\t\t\t\t\t\t<\/div>\n\t\t\t\t<\/div>\n\t\t\t\t<div class=\"elementor-element elementor-element-e2d5711 elementor-icon-list--layout-traditional elementor-list-item-link-full_width elementor-widget elementor-widget-icon-list\" data-id=\"e2d5711\" data-element_type=\"widget\" data-e-type=\"widget\" data-widget_type=\"icon-list.default\">\n\t\t\t\t<div class=\"elementor-widget-container\">\n\t\t\t\t\t\t\t<ul class=\"elementor-icon-list-items\">\n\t\t\t\t\t\t\t<li class=\"elementor-icon-list-item\">\n\t\t\t\t\t\t\t\t\t\t\t<span class=\"elementor-icon-list-icon\">\n\t\t\t\t\t\t\t<svg aria-hidden=\"true\" class=\"e-font-icon-svg e-far-clock\" viewBox=\"0 0 512 512\" xmlns=\"http:\/\/www.w3.org\/2000\/svg\"><path d=\"M256 8C119 8 8 119 8 256s111 248 248 248 248-111 248-248S393 8 256 8zm0 448c-110.5 0-200-89.5-200-200S145.5 56 256 56s200 89.5 200 200-89.5 200-200 200zm61.8-104.4l-84.9-61.7c-3.1-2.3-4.9-5.9-4.9-9.7V116c0-6.6 5.4-12 12-12h32c6.6 0 12 5.4 12 12v141.7l66.8 48.6c5.4 3.9 6.5 11.4 2.6 16.8L334.6 349c-3.9 5.3-11.4 6.5-16.8 2.6z\"><\/path><\/svg>\t\t\t\t\t\t<\/span>\n\t\t\t\t\t\t\t\t\t\t<span class=\"elementor-icon-list-text\">Kontakt<\/span>\n\t\t\t\t\t\t\t\t\t<\/li>\n\t\t\t\t\t\t<\/ul>\n\t\t\t\t\t\t<\/div>\n\t\t\t\t<\/div>\n\t\t\t\t<div class=\"elementor-element elementor-element-18163a0 elementor-icon-list--layout-inline elementor-widget__width-initial elementor-widget-tablet__width-initial elementor-list-item-link-full_width elementor-widget elementor-widget-icon-list\" data-id=\"18163a0\" data-element_type=\"widget\" data-e-type=\"widget\" data-widget_type=\"icon-list.default\">\n\t\t\t\t<div class=\"elementor-widget-container\">\n\t\t\t\t\t\t\t<ul class=\"elementor-icon-list-items elementor-inline-items\">\n\t\t\t\t\t\t\t<li class=\"elementor-icon-list-item elementor-inline-item\">\n\t\t\t\t\t\t\t\t\t\t\t<span class=\"elementor-icon-list-icon\">\n\t\t\t\t\t\t\t<svg aria-hidden=\"true\" class=\"e-font-icon-svg e-fas-phone-alt\" viewBox=\"0 0 512 512\" xmlns=\"http:\/\/www.w3.org\/2000\/svg\"><path d=\"M497.39 361.8l-112-48a24 24 0 0 0-28 6.9l-49.6 60.6A370.66 370.66 0 0 1 130.6 204.11l60.6-49.6a23.94 23.94 0 0 0 6.9-28l-48-112A24.16 24.16 0 0 0 122.6.61l-104 24A24 24 0 0 0 0 48c0 256.5 207.9 464 464 464a24 24 0 0 0 23.4-18.6l24-104a24.29 24.29 0 0 0-14.01-27.6z\"><\/path><\/svg>\t\t\t\t\t\t<\/span>\n\t\t\t\t\t\t\t\t\t\t<span class=\"elementor-icon-list-text\">Direkt: 0960 65 45 54<\/span>\n\t\t\t\t\t\t\t\t\t<\/li>\n\t\t\t\t\t\t\t\t<li class=\"elementor-icon-list-item elementor-inline-item\">\n\t\t\t\t\t\t\t\t\t\t\t<a href=\"mailto:leluab@gmail.com\" mailto=\"\">\n\n\t\t\t\t\t\t\t\t\t\t\t\t<span class=\"elementor-icon-list-icon\">\n\t\t\t\t\t\t\t<svg aria-hidden=\"true\" class=\"e-font-icon-svg e-fas-envelope\" viewBox=\"0 0 512 512\" xmlns=\"http:\/\/www.w3.org\/2000\/svg\"><path d=\"M502.3 190.8c3.9-3.1 9.7-.2 9.7 4.7V400c0 26.5-21.5 48-48 48H48c-26.5 0-48-21.5-48-48V195.6c0-5 5.7-7.8 9.7-4.7 22.4 17.4 52.1 39.5 154.1 113.6 21.1 15.4 56.7 47.8 92.2 47.6 35.7.3 72-32.8 92.3-47.6 102-74.1 131.6-96.3 154-113.7zM256 320c23.2.4 56.6-29.2 73.4-41.4 132.7-96.3 142.8-104.7 173.4-128.7 5.8-4.5 9.2-11.5 9.2-18.9v-19c0-26.5-21.5-48-48-48H48C21.5 64 0 85.5 0 112v19c0 7.4 3.4 14.3 9.2 18.9 30.6 23.9 40.7 32.4 173.4 128.7 16.8 12.2 50.2 41.8 73.4 41.4z\"><\/path><\/svg>\t\t\t\t\t\t<\/span>\n\t\t\t\t\t\t\t\t\t\t<span class=\"elementor-icon-list-text\">leluab@gmail.com<\/span>\n\t\t\t\t\t\t\t\t\t\t\t<\/a>\n\t\t\t\t\t\t\t\t\t<\/li>\n\t\t\t\t\t\t<\/ul>\n\t\t\t\t\t\t<\/div>\n\t\t\t\t<\/div>\n\t\t\t\t\t<\/div>\n\t\t\t\t<\/div>\n\t\t<div class=\"elementor-element elementor-element-1e81b6d e-flex e-con-boxed e-con e-child\" data-id=\"1e81b6d\" data-element_type=\"container\" data-e-type=\"container\" data-settings=\"{&quot;background_background&quot;:&quot;classic&quot;}\">\n\t\t\t\t\t<div class=\"e-con-inner\">\n\t\t\t\t<div class=\"elementor-element elementor-element-53b8345 elementor-icon-list--layout-traditional elementor-list-item-link-full_width elementor-widget elementor-widget-icon-list\" data-id=\"53b8345\" data-element_type=\"widget\" data-e-type=\"widget\" data-widget_type=\"icon-list.default\">\n\t\t\t\t<div class=\"elementor-widget-container\">\n\t\t\t\t\t\t\t<ul class=\"elementor-icon-list-items\">\n\t\t\t\t\t\t\t<li class=\"elementor-icon-list-item\">\n\t\t\t\t\t\t\t\t\t\t\t<span class=\"elementor-icon-list-icon\">\n\t\t\t\t\t\t\t<svg aria-hidden=\"true\" class=\"e-font-icon-svg e-fas-map-marker-alt\" viewBox=\"0 0 384 512\" xmlns=\"http:\/\/www.w3.org\/2000\/svg\"><path d=\"M172.268 501.67C26.97 291.031 0 269.413 0 192 0 85.961 85.961 0 192 0s192 85.961 192 192c0 77.413-26.97 99.031-172.268 309.67-9.535 13.774-29.93 13.773-39.464 0zM192 272c44.183 0 80-35.817 80-80s-35.817-80-80-80-80 35.817-80 80 35.817 80 80 80z\"><\/path><\/svg>\t\t\t\t\t\t<\/span>\n\t\t\t\t\t\t\t\t\t\t<span class=\"elementor-icon-list-text\">Hitta hit<\/span>\n\t\t\t\t\t\t\t\t\t<\/li>\n\t\t\t\t\t\t<\/ul>\n\t\t\t\t\t\t<\/div>\n\t\t\t\t<\/div>\n\t\t\t\t<div class=\"elementor-element elementor-element-68b6cbf elementor-widget elementor-widget-google_maps\" data-id=\"68b6cbf\" data-element_type=\"widget\" data-e-type=\"widget\" data-widget_type=\"google_maps.default\">\n\t\t\t\t<div class=\"elementor-widget-container\">\n\t\t\t\t\t\t\t<div class=\"elementor-custom-embed\">\n\t\t\t<iframe loading=\"lazy\"\n\t\t\t\t\tsrc=\"https:\/\/maps.google.com\/maps?q=Storgatan%2081%20Arvidsjaur&#038;t=m&#038;z=12&#038;output=embed&#038;iwloc=near\"\n\t\t\t\t\ttitle=\"Storgatan 81 Arvidsjaur\"\n\t\t\t\t\taria-label=\"Storgatan 81 Arvidsjaur\"\n\t\t\t><\/iframe>\n\t\t<\/div>\n\t\t\t\t\t\t<\/div>\n\t\t\t\t<\/div>\n\t\t\t\t\t<\/div>\n\t\t\t\t<\/div>\n\t\t<div class=\"elementor-element elementor-element-80e9145 e-flex e-con-boxed e-con e-child\" data-id=\"80e9145\" data-element_type=\"container\" data-e-type=\"container\" data-settings=\"{&quot;background_background&quot;:&quot;classic&quot;}\">\n\t\t\t\t\t<div class=\"e-con-inner\">\n\t\t<div class=\"elementor-element elementor-element-3ced0e5 e-flex e-con-boxed e-con e-child\" data-id=\"3ced0e5\" data-element_type=\"container\" data-e-type=\"container\">\n\t\t\t\t\t<div class=\"e-con-inner\">\n\t\t\t\t<div class=\"elementor-element elementor-element-9adc070 elementor-icon-list--layout-traditional elementor-list-item-link-full_width elementor-widget elementor-widget-icon-list\" data-id=\"9adc070\" data-element_type=\"widget\" data-e-type=\"widget\" data-widget_type=\"icon-list.default\">\n\t\t\t\t<div class=\"elementor-widget-container\">\n\t\t\t\t\t\t\t<ul class=\"elementor-icon-list-items\">\n\t\t\t\t\t\t\t<li class=\"elementor-icon-list-item\">\n\t\t\t\t\t\t\t\t\t\t\t<span class=\"elementor-icon-list-icon\">\n\t\t\t\t\t\t\t<svg aria-hidden=\"true\" class=\"e-font-icon-svg e-fas-exclamation-circle\" viewBox=\"0 0 512 512\" xmlns=\"http:\/\/www.w3.org\/2000\/svg\"><path d=\"M504 256c0 136.997-111.043 248-248 248S8 392.997 8 256C8 119.083 119.043 8 256 8s248 111.083 248 248zm-248 50c-25.405 0-46 20.595-46 46s20.595 46 46 46 46-20.595 46-46-20.595-46-46-46zm-43.673-165.346l7.418 136c.347 6.364 5.609 11.346 11.982 11.346h48.546c6.373 0 11.635-4.982 11.982-11.346l7.418-136c.375-6.874-5.098-12.654-11.982-12.654h-63.383c-6.884 0-12.356 5.78-11.981 12.654z\"><\/path><\/svg>\t\t\t\t\t\t<\/span>\n\t\t\t\t\t\t\t\t\t\t<span class=\"elementor-icon-list-text\">Aktuellt<\/span>\n\t\t\t\t\t\t\t\t\t<\/li>\n\t\t\t\t\t\t<\/ul>\n\t\t\t\t\t\t<\/div>\n\t\t\t\t<\/div>\n\t\t\t\t\t<\/div>\n\t\t\t\t<\/div>\n\t\t<div class=\"elementor-element elementor-element-9a82905 e-flex e-con-boxed e-con e-child\" data-id=\"9a82905\" data-element_type=\"container\" data-e-type=\"container\" data-settings=\"{&quot;background_background&quot;:&quot;classic&quot;}\">\n\t\t\t\t\t<div class=\"e-con-inner\">\n\t\t\t\t<div class=\"elementor-element elementor-element-63cbba3 elementor-icon-list--layout-traditional elementor-list-item-link-full_width elementor-widget elementor-widget-icon-list\" data-id=\"63cbba3\" data-element_type=\"widget\" data-e-type=\"widget\" data-widget_type=\"icon-list.default\">\n\t\t\t\t<div class=\"elementor-widget-container\">\n\t\t\t\t\t\t\t<ul class=\"elementor-icon-list-items\">\n\t\t\t\t\t\t\t<li class=\"elementor-icon-list-item\">\n\t\t\t\t\t\t\t\t\t\t\t<span class=\"elementor-icon-list-icon\">\n\t\t\t\t\t\t\t<svg aria-hidden=\"true\" class=\"e-font-icon-svg e-fas-thumbs-up\" viewBox=\"0 0 512 512\" xmlns=\"http:\/\/www.w3.org\/2000\/svg\"><path d=\"M104 224H24c-13.255 0-24 10.745-24 24v240c0 13.255 10.745 24 24 24h80c13.255 0 24-10.745 24-24V248c0-13.255-10.745-24-24-24zM64 472c-13.255 0-24-10.745-24-24s10.745-24 24-24 24 10.745 24 24-10.745 24-24 24zM384 81.452c0 42.416-25.97 66.208-33.277 94.548h101.723c33.397 0 59.397 27.746 59.553 58.098.084 17.938-7.546 37.249-19.439 49.197l-.11.11c9.836 23.337 8.237 56.037-9.308 79.469 8.681 25.895-.069 57.704-16.382 74.757 4.298 17.598 2.244 32.575-6.148 44.632C440.202 511.587 389.616 512 346.839 512l-2.845-.001c-48.287-.017-87.806-17.598-119.56-31.725-15.957-7.099-36.821-15.887-52.651-16.178-6.54-.12-11.783-5.457-11.783-11.998v-213.77c0-3.2 1.282-6.271 3.558-8.521 39.614-39.144 56.648-80.587 89.117-113.111 14.804-14.832 20.188-37.236 25.393-58.902C282.515 39.293 291.817 0 312 0c24 0 72 8 72 81.452z\"><\/path><\/svg>\t\t\t\t\t\t<\/span>\n\t\t\t\t\t\t\t\t\t\t<span class=\"elementor-icon-list-text\">Tips fr\u00e5n bestdrive.se<\/span>\n\t\t\t\t\t\t\t\t\t<\/li>\n\t\t\t\t\t\t<\/ul>\n\t\t\t\t\t\t<\/div>\n\t\t\t\t<\/div>\n\t\t\t\t<div class=\"elementor-element elementor-element-6676616 post-content elementor-widget elementor-widget-html\" data-id=\"6676616\" data-element_type=\"widget\" data-e-type=\"widget\" id=\"post-content\" data-widget_type=\"html.default\">\n\t\t\t\t<div class=\"elementor-widget-container\">\n\t\t\t\t\t<div id=\"posts-from-first-site\"><\/div>\r\n<div id=\"posts-from-second-site\"><\/div>\t\t\t\t<\/div>\n\t\t\t\t<\/div>\n\t\t\t\t\t<\/div>\n\t\t\t\t<\/div>\n\t\t\t\t\t<\/div>\n\t\t\t\t<\/div>\n\t\t\t\t\t<\/div>\n\t\t\t\t<\/div>\n\t\t\t\t<\/div>\n\t\t","protected":false},"excerpt":{"rendered":"<p>D\u00e4ck och gummiverkstad i Arvidsjaur I v\u00e5r d\u00e4ckverkstad tar vi hand om d\u00e4ckbyten f\u00f6r alla typer av fordon.\u00a0Vi har ett brett sortiment av d\u00e4ck fr\u00e5n v\u00e4lrenommerade leverant\u00f6rer p\u00e5 lager. Om du f\u00f6redrar speciald\u00e4ck, kan vi erbjuda mycket korta leveranstider. I v\u00e5r bilverkstad i Arvidsjaur servar och reparerar vi alla typer av personbilar och l\u00e4ttare fordon [&hellip;]<\/p>\n","protected":false},"author":1,"featured_media":0,"parent":0,"menu_order":0,"comment_status":"closed","ping_status":"closed","template":"","meta":{"_acf_changed":false,"footnotes":""},"class_list":["post-16","page","type-page","status-publish","hentry"],"acf":[],"yoast_head":"<!-- This site is optimized with the Yoast SEO plugin v27.5 - https:\/\/yoast.com\/product\/yoast-seo-wordpress\/ -->\n<title>D\u00e4ck och gummiverkstad i Arvidsjaur - Lelu AB<\/title>\n<meta name=\"robots\" content=\"index, follow, max-snippet:-1, max-image-preview:large, max-video-preview:-1\" \/>\n<link rel=\"canonical\" href=\"https:\/\/bestdrive.se\/lelu\/\" \/>\n<meta property=\"og:locale\" content=\"sv_SE\" \/>\n<meta property=\"og:type\" content=\"article\" \/>\n<meta property=\"og:title\" content=\"D\u00e4ck och gummiverkstad i Arvidsjaur - Lelu AB\" \/>\n<meta property=\"og:description\" content=\"D\u00e4ck och gummiverkstad i Arvidsjaur I v\u00e5r d\u00e4ckverkstad tar vi hand om d\u00e4ckbyten f\u00f6r alla typer av fordon.\u00a0Vi har ett brett sortiment av d\u00e4ck fr\u00e5n v\u00e4lrenommerade leverant\u00f6rer p\u00e5 lager. Om du f\u00f6redrar speciald\u00e4ck, kan vi erbjuda mycket korta leveranstider. I v\u00e5r bilverkstad i Arvidsjaur servar och reparerar vi alla typer av personbilar och l\u00e4ttare fordon [&hellip;]\" \/>\n<meta property=\"og:url\" content=\"https:\/\/bestdrive.se\/lelu\/\" \/>\n<meta property=\"og:site_name\" content=\"LELU AB - Arvidsjaur\" \/>\n<meta property=\"article:modified_time\" content=\"2024-12-03T12:40:32+00:00\" \/>\n<meta property=\"og:image\" content=\"https:\/\/bestdrive.se\/lelu\/wp-content\/uploads\/2024\/04\/tjanst_komplett_dackservice.png\" \/>\n\t<meta property=\"og:image:width\" content=\"255\" \/>\n\t<meta property=\"og:image:height\" content=\"350\" \/>\n\t<meta property=\"og:image:type\" content=\"image\/png\" \/>\n<meta name=\"twitter:card\" content=\"summary_large_image\" \/>\n<meta name=\"twitter:label1\" content=\"Ber\u00e4knad l\u00e4stid\" \/>\n\t<meta name=\"twitter:data1\" content=\"3 minuter\" \/>\n<script type=\"application\/ld+json\" class=\"yoast-schema-graph\">{\"@context\":\"https:\\\/\\\/schema.org\",\"@graph\":[{\"@type\":\"WebPage\",\"@id\":\"https:\\\/\\\/bestdrive.se\\\/lelu\\\/\",\"url\":\"https:\\\/\\\/bestdrive.se\\\/lelu\\\/\",\"name\":\"D\u00e4ck och gummiverkstad i Arvidsjaur - Lelu AB\",\"isPartOf\":{\"@id\":\"https:\\\/\\\/bestdrive.se\\\/lelu\\\/#website\"},\"primaryImageOfPage\":{\"@id\":\"https:\\\/\\\/bestdrive.se\\\/lelu\\\/#primaryimage\"},\"image\":{\"@id\":\"https:\\\/\\\/bestdrive.se\\\/lelu\\\/#primaryimage\"},\"thumbnailUrl\":\"https:\\\/\\\/bestdrive.se\\\/lelu\\\/wp-content\\\/uploads\\\/2024\\\/04\\\/tjanst_komplett_dackservice-219x300.png\",\"datePublished\":\"2024-03-01T12:44:06+00:00\",\"dateModified\":\"2024-12-03T12:40:32+00:00\",\"breadcrumb\":{\"@id\":\"https:\\\/\\\/bestdrive.se\\\/lelu\\\/#breadcrumb\"},\"inLanguage\":\"sv-SE\",\"potentialAction\":[{\"@type\":\"ReadAction\",\"target\":[\"https:\\\/\\\/bestdrive.se\\\/lelu\\\/\"]}]},{\"@type\":\"ImageObject\",\"inLanguage\":\"sv-SE\",\"@id\":\"https:\\\/\\\/bestdrive.se\\\/lelu\\\/#primaryimage\",\"url\":\"https:\\\/\\\/bestdrive.se\\\/lelu\\\/wp-content\\\/uploads\\\/2024\\\/04\\\/tjanst_komplett_dackservice.png\",\"contentUrl\":\"https:\\\/\\\/bestdrive.se\\\/lelu\\\/wp-content\\\/uploads\\\/2024\\\/04\\\/tjanst_komplett_dackservice.png\",\"width\":255,\"height\":350},{\"@type\":\"BreadcrumbList\",\"@id\":\"https:\\\/\\\/bestdrive.se\\\/lelu\\\/#breadcrumb\",\"itemListElement\":[{\"@type\":\"ListItem\",\"position\":1,\"name\":\"Home\",\"item\":\"https:\\\/\\\/bestdrive.se\\\/lelu\\\/\"},{\"@type\":\"ListItem\",\"position\":2,\"name\":\"START\"}]},{\"@type\":\"WebSite\",\"@id\":\"https:\\\/\\\/bestdrive.se\\\/lelu\\\/#website\",\"url\":\"https:\\\/\\\/bestdrive.se\\\/lelu\\\/\",\"name\":\"BestDrive Arvidsjaur\",\"description\":\"BestDrive Arvidsjaur\",\"publisher\":{\"@id\":\"https:\\\/\\\/bestdrive.se\\\/lelu\\\/#organization\"},\"alternateName\":\"LELU AB\",\"potentialAction\":[{\"@type\":\"SearchAction\",\"target\":{\"@type\":\"EntryPoint\",\"urlTemplate\":\"https:\\\/\\\/bestdrive.se\\\/lelu\\\/?s={search_term_string}\"},\"query-input\":{\"@type\":\"PropertyValueSpecification\",\"valueRequired\":true,\"valueName\":\"search_term_string\"}}],\"inLanguage\":\"sv-SE\"},{\"@type\":\"Organization\",\"@id\":\"https:\\\/\\\/bestdrive.se\\\/lelu\\\/#organization\",\"name\":\"BestDrive Arvidsjaur\",\"alternateName\":\"LELU AB\",\"url\":\"https:\\\/\\\/bestdrive.se\\\/lelu\\\/\",\"logo\":{\"@type\":\"ImageObject\",\"inLanguage\":\"sv-SE\",\"@id\":\"https:\\\/\\\/bestdrive.se\\\/lelu\\\/#\\\/schema\\\/logo\\\/image\\\/\",\"url\":\"https:\\\/\\\/bestdrive.se\\\/lelu\\\/wp-content\\\/uploads\\\/2024\\\/03\\\/grasdalen-logo-e1712575351813.png\",\"contentUrl\":\"https:\\\/\\\/bestdrive.se\\\/lelu\\\/wp-content\\\/uploads\\\/2024\\\/03\\\/grasdalen-logo-e1712575351813.png\",\"width\":145,\"height\":59,\"caption\":\"BestDrive Arvidsjaur\"},\"image\":{\"@id\":\"https:\\\/\\\/bestdrive.se\\\/lelu\\\/#\\\/schema\\\/logo\\\/image\\\/\"}}]}<\/script>\n<!-- \/ Yoast SEO plugin. -->","yoast_head_json":{"title":"D\u00e4ck och gummiverkstad i Arvidsjaur - Lelu AB","robots":{"index":"index","follow":"follow","max-snippet":"max-snippet:-1","max-image-preview":"max-image-preview:large","max-video-preview":"max-video-preview:-1"},"canonical":"https:\/\/bestdrive.se\/lelu\/","og_locale":"sv_SE","og_type":"article","og_title":"D\u00e4ck och gummiverkstad i Arvidsjaur - Lelu AB","og_description":"D\u00e4ck och gummiverkstad i Arvidsjaur I v\u00e5r d\u00e4ckverkstad tar vi hand om d\u00e4ckbyten f\u00f6r alla typer av fordon.\u00a0Vi har ett brett sortiment av d\u00e4ck fr\u00e5n v\u00e4lrenommerade leverant\u00f6rer p\u00e5 lager. Om du f\u00f6redrar speciald\u00e4ck, kan vi erbjuda mycket korta leveranstider. I v\u00e5r bilverkstad i Arvidsjaur servar och reparerar vi alla typer av personbilar och l\u00e4ttare fordon [&hellip;]","og_url":"https:\/\/bestdrive.se\/lelu\/","og_site_name":"LELU AB - Arvidsjaur","article_modified_time":"2024-12-03T12:40:32+00:00","og_image":[{"width":255,"height":350,"url":"https:\/\/bestdrive.se\/lelu\/wp-content\/uploads\/2024\/04\/tjanst_komplett_dackservice.png","type":"image\/png"}],"twitter_card":"summary_large_image","twitter_misc":{"Ber\u00e4knad l\u00e4stid":"3 minuter"},"schema":{"@context":"https:\/\/schema.org","@graph":[{"@type":"WebPage","@id":"https:\/\/bestdrive.se\/lelu\/","url":"https:\/\/bestdrive.se\/lelu\/","name":"D\u00e4ck och gummiverkstad i Arvidsjaur - Lelu AB","isPartOf":{"@id":"https:\/\/bestdrive.se\/lelu\/#website"},"primaryImageOfPage":{"@id":"https:\/\/bestdrive.se\/lelu\/#primaryimage"},"image":{"@id":"https:\/\/bestdrive.se\/lelu\/#primaryimage"},"thumbnailUrl":"https:\/\/bestdrive.se\/lelu\/wp-content\/uploads\/2024\/04\/tjanst_komplett_dackservice-219x300.png","datePublished":"2024-03-01T12:44:06+00:00","dateModified":"2024-12-03T12:40:32+00:00","breadcrumb":{"@id":"https:\/\/bestdrive.se\/lelu\/#breadcrumb"},"inLanguage":"sv-SE","potentialAction":[{"@type":"ReadAction","target":["https:\/\/bestdrive.se\/lelu\/"]}]},{"@type":"ImageObject","inLanguage":"sv-SE","@id":"https:\/\/bestdrive.se\/lelu\/#primaryimage","url":"https:\/\/bestdrive.se\/lelu\/wp-content\/uploads\/2024\/04\/tjanst_komplett_dackservice.png","contentUrl":"https:\/\/bestdrive.se\/lelu\/wp-content\/uploads\/2024\/04\/tjanst_komplett_dackservice.png","width":255,"height":350},{"@type":"BreadcrumbList","@id":"https:\/\/bestdrive.se\/lelu\/#breadcrumb","itemListElement":[{"@type":"ListItem","position":1,"name":"Home","item":"https:\/\/bestdrive.se\/lelu\/"},{"@type":"ListItem","position":2,"name":"START"}]},{"@type":"WebSite","@id":"https:\/\/bestdrive.se\/lelu\/#website","url":"https:\/\/bestdrive.se\/lelu\/","name":"BestDrive Arvidsjaur","description":"BestDrive Arvidsjaur","publisher":{"@id":"https:\/\/bestdrive.se\/lelu\/#organization"},"alternateName":"LELU AB","potentialAction":[{"@type":"SearchAction","target":{"@type":"EntryPoint","urlTemplate":"https:\/\/bestdrive.se\/lelu\/?s={search_term_string}"},"query-input":{"@type":"PropertyValueSpecification","valueRequired":true,"valueName":"search_term_string"}}],"inLanguage":"sv-SE"},{"@type":"Organization","@id":"https:\/\/bestdrive.se\/lelu\/#organization","name":"BestDrive Arvidsjaur","alternateName":"LELU AB","url":"https:\/\/bestdrive.se\/lelu\/","logo":{"@type":"ImageObject","inLanguage":"sv-SE","@id":"https:\/\/bestdrive.se\/lelu\/#\/schema\/logo\/image\/","url":"https:\/\/bestdrive.se\/lelu\/wp-content\/uploads\/2024\/03\/grasdalen-logo-e1712575351813.png","contentUrl":"https:\/\/bestdrive.se\/lelu\/wp-content\/uploads\/2024\/03\/grasdalen-logo-e1712575351813.png","width":145,"height":59,"caption":"BestDrive Arvidsjaur"},"image":{"@id":"https:\/\/bestdrive.se\/lelu\/#\/schema\/logo\/image\/"}}]}},"_links":{"self":[{"href":"https:\/\/bestdrive.se\/lelu\/wp-json\/wp\/v2\/pages\/16","targetHints":{"allow":["GET"]}}],"collection":[{"href":"https:\/\/bestdrive.se\/lelu\/wp-json\/wp\/v2\/pages"}],"about":[{"href":"https:\/\/bestdrive.se\/lelu\/wp-json\/wp\/v2\/types\/page"}],"author":[{"embeddable":true,"href":"https:\/\/bestdrive.se\/lelu\/wp-json\/wp\/v2\/users\/1"}],"replies":[{"embeddable":true,"href":"https:\/\/bestdrive.se\/lelu\/wp-json\/wp\/v2\/comments?post=16"}],"version-history":[{"count":388,"href":"https:\/\/bestdrive.se\/lelu\/wp-json\/wp\/v2\/pages\/16\/revisions"}],"predecessor-version":[{"id":4283,"href":"https:\/\/bestdrive.se\/lelu\/wp-json\/wp\/v2\/pages\/16\/revisions\/4283"}],"wp:attachment":[{"href":"https:\/\/bestdrive.se\/lelu\/wp-json\/wp\/v2\/media?parent=16"}],"curies":[{"name":"wp","href":"https:\/\/api.w.org\/{rel}","templated":true}]}}